{"id":8502,"date":"2023-11-16T09:49:14","date_gmt":"2023-11-16T09:49:14","guid":{"rendered":"https:\/\/interco.gmbh\/?page_id=8502"},"modified":"2024-06-12T14:20:45","modified_gmt":"2024-06-12T14:20:45","slug":"test-sitting","status":"publish","type":"page","link":"https:\/\/interco.gmbh\/en\/test-sitting\/","title":{"rendered":"Test sitting"},"content":{"rendered":"<div class=\"gb-container gb-container-7a595af1\">\n<div class=\"gb-container gb-container-a60a2dba\">\n\n<p class=\"gb-headline gb-headline-ba062a3f gb-headline-text\">The best possible care is one of the most important foundations for a good quality of life. We would therefore like as many people as possible with appropriate indications to have access to AKTIVLINE<sup>\u00ae<\/sup> systems and offer the opportunity to try them out. Here patients can test whether an AKTIVLINE<sup>\u00ae<\/sup> restoration offers them the desired benefits. <\/p>\n\n<\/div>\n<\/div>\n\n<div class=\"gb-container gb-container-1ca86c1f\">\n<div class=\"gb-container gb-container-187906a6\">\n<div class=\"jet-fb-form-block\" data-is-block=\"jet-forms\/form-block\"><style id=\"jet-form-builder-10798-inline-css\"><\/style><form  class=\"jet-form-builder layout-column submit-type-reload\" action=\"https:\/\/interco.gmbh\/en\/wp-json\/wp\/v2\/pages\/8502\/?x0zPir=aeb8uenLWz&amp;method=reload\" method=\"POST\" data-form-id=\"10798\" data-layout=\"column\" enctype=\"multipart\/form-data\" novalidate=\"null\" ssr_validation_method=\"rest\"><input type=\"hidden\" id=\"_wpnonce\" name=\"_wpnonce\" value=\"da1e49e151\" \/><input type=\"hidden\" name=\"_wp_http_referer\" value=\"\/en\/wp-json\/wp\/v2\/pages\/8502\" \/>\r\n<input type=\"hidden\" name=\"_jfb_current_render_states[]\" value=\"DEFAULT.STATE\" data-jfb-sync \/><input type=\"hidden\" class=\"jet-form-builder__field hidden-field\" name=\"_jet_engine_booking_form_id\" data-field-name=\"_jet_engine_booking_form_id\" value=\"10798\">\n<input type=\"hidden\" class=\"jet-form-builder__field hidden-field\" name=\"_jet_engine_refer\" data-field-name=\"_jet_engine_refer\" value=\"https:\/\/interco.gmbh\/en\/wp-json\/wp\/v2\/pages\/8502\/\">\n<input type=\"hidden\" class=\"jet-form-builder__field hidden-field\" name=\"__queried_post_id\" data-field-name=\"__queried_post_id\" value=\"8502\">\n\n<input type=\"hidden\" class=\"jet-form-builder__field hidden-field\" name=\"post_id\" data-field-name=\"post_id\" data-jfb-sync=\"null\" value=\"8502\">\n\n\n\n\n<h2 class=\"gb-headline gb-headline-6ee8b88a gb-headline-text\">Test sitting form<\/h2>\n\n\n\n<h3 class=\"gb-headline gb-headline-62ddae63 gb-headline-text\">Patient details<\/h3>\n\n\n<div class=\"gb-container gb-container-85c5f7d1\">\n<div class=\"gb-container gb-container-7ce69f61\">\n<div  class=\"jet-form-builder-row field-type-text-field\" >\n<div class=\"jet-form-builder__field-wrap\">\n\t\t\t\t<input placeholder=\"first name*\" required=\"required\" name=\"vorname\" id=\"vorname\" type=\"text\" data-field-name=\"vorname\" class=\"jet-form-builder__field text-field\" data-jfb-sync=\"null\" autocomplete=\"off_FjzvyxPc\">\n\t\t\t\t\t<\/div>\n<\/div>\n\n<div  class=\"jet-form-builder-row field-type-number-field\" >\n<div class=\"jet-form-builder__field-wrap\">\n\t\t<input type=\"number\" class=\"jet-form-builder__field text-field\" placeholder=\"age*\" required=\"required\" name=\"alter\" data-field-name=\"alter\" id=\"alter\" data-jfb-sync=\"null\">\n\t<\/div>\n<\/div>\n\n<div  class=\"jet-form-builder-row field-type-text-field\" >\n<div class=\"jet-form-builder__field-wrap\">\n\t\t\t\t<input placeholder=\"street \/ house number*\" required=\"required\" name=\"strasse_hausnummer\" id=\"strasse_hausnummer\" type=\"text\" data-field-name=\"strasse_hausnummer\" class=\"jet-form-builder__field text-field\" data-jfb-sync=\"null\" autocomplete=\"off_AC6dPoeg\">\n\t\t\t\t\t<\/div>\n<\/div>\n<\/div>\n\n<div class=\"gb-container gb-container-c29caede\">\n<div  class=\"jet-form-builder-row field-type-text-field\" >\n<div class=\"jet-form-builder__field-wrap\">\n\t\t\t\t<input placeholder=\"last name*\" required=\"required\" name=\"nachname\" id=\"nachname\" type=\"text\" data-field-name=\"nachname\" class=\"jet-form-builder__field text-field\" data-jfb-sync=\"null\" autocomplete=\"off_ML9EyQTs\">\n\t\t\t\t\t<\/div>\n<\/div>\n\n<div  class=\"jet-form-builder-row field-type-text-field\" >\n<div class=\"jet-form-builder__field-wrap\">\n\t\t\t\t<input placeholder=\"gender*\" required=\"required\" name=\"geschlecht\" id=\"geschlecht\" type=\"text\" data-field-name=\"geschlecht\" class=\"jet-form-builder__field text-field\" data-jfb-sync=\"null\" autocomplete=\"off_gKZBvHIP\">\n\t\t\t\t\t<\/div>\n<\/div>\n\n<div  class=\"jet-form-builder-row field-type-text-field\" >\n<div class=\"jet-form-builder__field-wrap\">\n\t\t\t\t<input placeholder=\"postal code \/ city*\" required=\"required\" name=\"postleitzahl_ort\" id=\"postleitzahl_ort\" type=\"text\" data-field-name=\"postleitzahl_ort\" class=\"jet-form-builder__field text-field\" data-jfb-sync=\"null\" autocomplete=\"off_gi2b7hCK\">\n\t\t\t\t\t<\/div>\n<\/div>\n<\/div>\n<\/div>\n\n<div  class=\"jet-form-builder-row field-type-text-field\" >\n<div class=\"jet-form-builder__field-wrap\">\n\t\t\t\t<input placeholder=\"diagnosis*\" required=\"required\" name=\"diagnose\" id=\"diagnose\" type=\"text\" data-field-name=\"diagnose\" class=\"jet-form-builder__field text-field\" data-jfb-sync=\"null\" autocomplete=\"off_vC4s6ZbN\">\n\t\t\t\t\t<\/div>\n<\/div>\n\n\n<h3 class=\"gb-headline gb-headline-785c5a75 gb-headline-text\">Patient dimensions<\/h3>\n\n\n<div class=\"gb-container gb-container-8151421d\">\n<div class=\"gb-container gb-container-d5961f81\">\n<div  class=\"jet-form-builder-row field-type-number-field\" >\n<div class=\"jet-form-builder__field-wrap\">\n\t\t<input type=\"number\" class=\"jet-form-builder__field text-field\" placeholder=\"seat width (cm)*\" required=\"required\" name=\"sitzbreite\" data-field-name=\"sitzbreite\" id=\"sitzbreite\" data-jfb-sync=\"null\">\n\t<\/div>\n<\/div>\n<\/div>\n\n<div class=\"gb-container gb-container-4e5f77e0\">\n<div  class=\"jet-form-builder-row field-type-number-field\" >\n<div class=\"jet-form-builder__field-wrap\">\n\t\t<input type=\"number\" class=\"jet-form-builder__field text-field\" placeholder=\"seat depth (cm)*\" required=\"required\" name=\"sitztiefe\" data-field-name=\"sitztiefe\" id=\"sitztiefe\" data-jfb-sync=\"null\">\n\t<\/div>\n<\/div>\n<\/div>\n\n<div class=\"gb-container gb-container-e8165923\">\n<div  class=\"jet-form-builder-row field-type-number-field\" >\n<div class=\"jet-form-builder__field-wrap\">\n\t\t<input type=\"number\" class=\"jet-form-builder__field text-field\" placeholder=\"back height (cm)*\" required=\"required\" name=\"rueckenhoehe\" data-field-name=\"rueckenhoehe\" id=\"rueckenhoehe\" data-jfb-sync=\"null\">\n\t<\/div>\n<\/div>\n<\/div>\n<\/div>\n\n<div class=\"gb-container gb-container-dd54c80a gb-accordion\">\n<div class=\"gb-container gb-container-43151374 gb-accordion__item\" data-transition=\"slide\">\n\n<button class=\"gb-button gb-button-4c3d01cc gb-accordion__toggle\"><span class=\"gb-button-text\">How to measure correctly!<\/span><span class=\"gb-icon\"><svg xmlns=\"http:\/\/www.w3.org\/2000\/svg\" viewBox=\"0 0 448 512\" width=\"1em\" height=\"1em\" ariahidden=\"true\" role=\"img\" class=\"gb-accordion__icon\"><path d=\"M207.029 381.476L12.686 187.132c-9.373-9.373-9.373-24.569 0-33.941l22.667-22.667c9.357-9.357 24.522-9.375 33.901-.04L224 284.505l154.745-154.021c9.379-9.335 24.544-9.317 33.901.04l22.667 22.667c9.373 9.373 9.373 24.569 0 33.941L240.971 381.476c-9.373 9.372-24.569 9.372-33.942 0z\" fill=\"currentColor\"><\/path><\/svg><svg xmlns=\"http:\/\/www.w3.org\/2000\/svg\" viewBox=\"0 0 448 512\" width=\"1em\" height=\"1em\" ariahidden=\"true\" role=\"img\" class=\"gb-accordion__icon-open\"><path d=\"M240.971 130.524l194.343 194.343c9.373 9.373 9.373 24.569 0 33.941l-22.667 22.667c-9.357 9.357-24.522 9.375-33.901.04L224 227.495 69.255 381.516c-9.379 9.335-24.544 9.317-33.901-.04l-22.667-22.667c-9.373-9.373-9.373-24.569 0-33.941L207.03 130.525c9.372-9.373 24.568-9.373 33.941-.001z\" fill=\"currentColor\"><\/path><\/svg><\/span><\/button>\n\n\n<div class=\"gb-accordion__content\"><div class=\"gb-container gb-container-d797282d\">\n<div class=\"gb-container gb-container-e3281feb\">\n\n<h2 class=\"gb-headline gb-headline-db5a32b9 gb-headline-text\">So messen Sie richtig!<\/h2>\n\n\n\n<p class=\"gb-headline gb-headline-20969c21 gb-headline-text\">Um eine optimale Demo-Versorgung zu w\u00e4hlen, ben\u00f6tigen wir einige Eckdaten, die Sie in wenigen Schritten selbst ermitteln k\u00f6nnen. Sie ben\u00f6tigen einen Zollstock, ggf. ein Buch und etwas zu schreiben. Bitte folgen Sie den Anweisungen:<\/p>\n\n<\/div>\n\n<div class=\"gb-container gb-container-e3281feb\">\n<div class=\"gb-grid-wrapper gb-grid-wrapper-5110c0b9\">\n<div class=\"gb-grid-column gb-grid-column-7d636066\"><div class=\"gb-container gb-container-7d636066\">\n\n<h4 class=\"gb-headline gb-headline-699e68ae\"><span class=\"gb-icon\"><svg xmlns=\"http:\/\/www.w3.org\/2000\/svg\" viewBox=\"0 0 100 100\" height=\"100\" width=\"100\">   <circle fill=\"currentColor\" r=\"40\" cy=\"50\" cx=\"50\"><\/circle>   <text dy=\".3em\" font-size=\"45\" font-family=\"Arial, sans-serif\" fill=\"#ffffff\" text-anchor=\"middle\" y=\"50%\" x=\"50%\">1<\/text> <\/svg><\/span><span class=\"gb-headline-text\">Sitzbreite<\/span><\/h4>\n\n\n\n<ul class=\"wp-block-list\">\n<li>Setzen Sie den Patienten auf einen Stuhl oder in den aktuellen Rollstuhl und messen Sie die breiteste Stelle des Beckens (Trochanter).<\/li>\n\n\n\n<li>Dies geht besonders einfach, wenn Sie rechts und links von den Oberschenkeln ein Buch hinstellen oder Ihre H\u00e4nde zur Begrenzung nutzen und das Ma\u00df dazwischen nehmen.<\/li>\n\n\n\n<li>Addieren Sie zum abgelesenen Ma\u00df bitte 2 cm dazu.<\/li>\n<\/ul>\n\n\n\n<h4 class=\"gb-headline gb-headline-aa381395\"><span class=\"gb-icon\"><svg xmlns=\"http:\/\/www.w3.org\/2000\/svg\" viewBox=\"0 0 100 100\" height=\"100\" width=\"100\">   <circle fill=\"currentColor\" r=\"40\" cy=\"50\" cx=\"50\"><\/circle>   <text dy=\".3em\" font-size=\"45\" font-family=\"Arial, sans-serif\" fill=\"#ffffff\" text-anchor=\"middle\" y=\"50%\" x=\"50%\">2<\/text> <\/svg><\/span><span class=\"gb-headline-text\">R\u00fcckenh\u00f6he<\/span><\/h4>\n\n\n\n<ul class=\"wp-block-list\">\n<li>Die R\u00fcckenh\u00f6he ist das Ma\u00df von der Sitzschale bzw. Sitzpolster bis zur Oberkante des Schulterg\u00fcrtels.<\/li>\n\n\n\n<li>Stecken Sie zur Messung einfach den Zollstock hinter den R\u00fccken und legen Sie ein Buch auf die Schulter oder nutzen Sie Ihre Hand zur Begrenzung. Achten Sie darauf, dass der Patient m\u00f6glichst gerade sitzt.<\/li>\n\n\n\n<li>Anschlie\u00dfend k\u00f6nnen Sie das Ma\u00df einfach an der Unterkante des Buches ablesen.<\/li>\n<\/ul>\n\n\n\n<h4 class=\"gb-headline gb-headline-9a5cd393\"><span class=\"gb-icon\"><svg xmlns=\"http:\/\/www.w3.org\/2000\/svg\" viewBox=\"0 0 100 100\" height=\"100\" width=\"100\">   <circle fill=\"currentColor\" r=\"40\" cy=\"50\" cx=\"50\"><\/circle>   <text dy=\".3em\" font-size=\"45\" font-family=\"Arial, sans-serif\" fill=\"#ffffff\" text-anchor=\"middle\" y=\"50%\" x=\"50%\">3<\/text> <\/svg><\/span><span class=\"gb-headline-text\">Sitztiefe<\/span><\/h4>\n\n\n\n<ul class=\"wp-block-list\">\n<li>Die Sitztiefe ist die komplette Oberschenkell\u00e4nge, gemessen vom R\u00fccken bis in die Kniekehle.<\/li>\n\n\n\n<li>Im Sitzen k\u00f6nnen Sie den Zollstock einfach in den Sitz legen oder einschieben und das Ma\u00df ablesen.<\/li>\n\n\n\n<li>Ziehen Sie vom Ma\u00df 10% ab.<\/li>\n<\/ul>\n\n<\/div><\/div>\n\n<div class=\"gb-grid-column gb-grid-column-dd93fe11\"><div class=\"gb-container gb-container-dd93fe11\">\n\n<figure class=\"gb-block-image gb-block-image-13351ba3\"><img loading=\"lazy\" decoding=\"async\" width=\"446\" height=\"442\" class=\"gb-image gb-image-13351ba3\" src=\"https:\/\/interco.gmbh\/wp-content\/uploads\/messung.png\" alt=\"\" title=\"messung\" srcset=\"https:\/\/interco.gmbh\/wp-content\/uploads\/messung.png 446w, https:\/\/interco.gmbh\/wp-content\/uploads\/messung-100x100.png 100w, https:\/\/interco.gmbh\/wp-content\/uploads\/messung-300x297.png 300w, https:\/\/interco.gmbh\/wp-content\/uploads\/messung-150x150.png 150w\" sizes=\"auto, (max-width: 446px) 100vw, 446px\" \/><\/figure>\n\n<\/div><\/div>\n<\/div>\n<\/div>\n<\/div><\/div>\n<\/div>\n<\/div>\n\n<div  class=\"jet-form-builder-row field-type-text-field\" >\n<div class=\"jet-form-builder__field-wrap\">\n\t\t\t\t<input placeholder=\"who took the measurements?*\" required=\"required\" name=\"wer_masse_genommen\" id=\"wer_masse_genommen\" type=\"text\" data-field-name=\"wer_masse_genommen\" class=\"jet-form-builder__field text-field\" data-jfb-sync=\"null\" autocomplete=\"off_AKcaR3l6\">\n\t\t\t\t\t<\/div>\n<\/div>\n\n<div  class=\"jet-form-builder-row field-type-radio-field wp-block-jet-forms-radio-field\">\n<div class=\"jet-form-builder__label\">\r\n<div class=\"jet-form-builder__label-text\">do you work with a specific medical supply store?*<\/div><\/div><div class=\"jet-form-builder__fields-group checkradio-wrap\" data-jfb-sync><div class=\"jet-form-builder__field-wrap radio-wrap checkradio-wrap\"><label class=\"jet-form-builder__field-label for-radio\">\n<input type=\"radio\" name=\"arbeiten_mit_festen_sanittshaus_zusammen\" value=\"Yes\" data-field-name=\"arbeiten_mit_festen_sanittshaus_zusammen\"  class=\"jet-form-builder__field radio-field checkradio-field\"><span>Yes<\/span><\/label><\/div><div class=\"jet-form-builder__field-wrap radio-wrap checkradio-wrap\"><label class=\"jet-form-builder__field-label for-radio\">\n<input type=\"radio\" name=\"arbeiten_mit_festen_sanittshaus_zusammen\" value=\"No\" data-field-name=\"arbeiten_mit_festen_sanittshaus_zusammen\"  class=\"jet-form-builder__field radio-field checkradio-field\"><span>No<\/span><\/label><\/div><\/div>\n<\/div>\n\n<div class=\"jet-form-builder__conditional \" data-jfb-conditional=\"[{&quot;operator&quot;:&quot;equal&quot;,&quot;value&quot;:&quot;Ja&quot;,&quot;field&quot;:&quot;arbeiten_mit_festen_sanittshaus_zusammen&quot;,&quot;use_preset&quot;:false}]\" data-jfb-func=\"show\">\n<div  class=\"jet-form-builder-row field-type-text-field\" >\n<div class=\"jet-form-builder__field-wrap\">\n\t\t\t\t<input placeholder=\"name \/ city*\" required=\"required\" name=\"name_ort\" id=\"name_ort\" type=\"text\" data-field-name=\"name_ort\" class=\"jet-form-builder__field text-field\" data-jfb-sync=\"null\" autocomplete=\"off_fBqaQNRx\">\n\t\t\t\t\t<\/div>\n<\/div>\n\n<div  class=\"jet-form-builder-row field-type-text-field\" >\n<div class=\"jet-form-builder__label\">\r\n<div class=\"jet-form-builder__label-text\">who is the attending field service representative? <span class=\"jet-form-builder__required\">*<\/span><\/div><\/div><div class=\"jet-form-builder__field-wrap\">\n\t\t\t\t<input placeholder=\"contact details*\" required=\"required\" name=\"betreuneder_aussendienstmitarbeiter\" id=\"betreuneder_aussendienstmitarbeiter\" type=\"text\" data-field-name=\"betreuneder_aussendienstmitarbeiter\" class=\"jet-form-builder__field text-field\" data-jfb-sync=\"null\" autocomplete=\"off_majzLfns\">\n\t\t\t\t\t<\/div>\n<\/div>\n<\/div>\n\n\n<h3 class=\"gb-headline gb-headline-7e0b8691 gb-headline-text\">Accessibility<\/h3>\n\n\n<div  class=\"jet-form-builder-row field-type-text-field\" >\n<div class=\"jet-form-builder__field-wrap\">\n\t\t\t\t<input placeholder=\"location during the day*\" required=\"required\" name=\"aufenthaltsort_tagsueber\" id=\"aufenthaltsort_tagsueber\" type=\"text\" data-field-name=\"aufenthaltsort_tagsueber\" class=\"jet-form-builder__field text-field\" data-jfb-sync=\"null\" autocomplete=\"off_789EAbhe\">\n\t\t\t\t\t<\/div>\n<\/div>\n\n<div  class=\"jet-form-builder-row field-type-text-field\" >\n<div class=\"jet-form-builder__field-wrap\">\n\t\t\t\t<input placeholder=\"name of the facility*\" required=\"required\" name=\"name_einrichtung\" id=\"name_einrichtung\" type=\"text\" data-field-name=\"name_einrichtung\" class=\"jet-form-builder__field text-field\" data-jfb-sync=\"null\" autocomplete=\"off_2rhkRgyo\">\n\t\t\t\t\t<\/div>\n<\/div>\n\n\n<h3 class=\"gb-headline gb-headline-775c8dc5 gb-headline-text\">Contact person<\/h3>\n\n\n<div class=\"gb-container gb-container-f3b79d4e\">\n<div class=\"gb-container gb-container-980a6f76\">\n<div  class=\"jet-form-builder-row field-type-text-field\" >\n<div class=\"jet-form-builder__field-wrap\">\n\t\t\t\t<input placeholder=\"first name*\" required=\"required\" name=\"vorname_ansprechpartner\" id=\"vorname_ansprechpartner\" type=\"text\" data-field-name=\"vorname_ansprechpartner\" class=\"jet-form-builder__field text-field\" data-jfb-sync=\"null\" autocomplete=\"off_3LGEblBD\">\n\t\t\t\t\t<\/div>\n<\/div>\n<\/div>\n\n<div class=\"gb-container gb-container-73103688\">\n<div  class=\"jet-form-builder-row field-type-text-field\" >\n<div class=\"jet-form-builder__field-wrap\">\n\t\t\t\t<input placeholder=\"last name*\" required=\"required\" name=\"nachname_ansprechpartner\" id=\"nachname_ansprechpartner\" type=\"text\" data-field-name=\"nachname_ansprechpartner\" class=\"jet-form-builder__field text-field\" data-jfb-sync=\"null\" autocomplete=\"off_6CbpHouG\">\n\t\t\t\t\t<\/div>\n<\/div>\n<\/div>\n<\/div>\n\n<div  class=\"jet-form-builder-row field-type-text-field\" >\n<div class=\"jet-form-builder__field-wrap\">\n\t\t\t\t<input placeholder=\"role* (parents \/ caregiver \/ therapist)\" required=\"required\" name=\"funktion\" id=\"funktion\" type=\"text\" data-field-name=\"funktion\" class=\"jet-form-builder__field text-field\" data-jfb-sync=\"null\" autocomplete=\"off_LGzkoupT\">\n\t\t\t\t\t<\/div>\n<\/div>\n\n\n<h3 class=\"gb-headline gb-headline-de68053a gb-headline-text\">Telephone<\/h3>\n\n\n<div class=\"gb-container gb-container-59df6fd6\">\n<div class=\"gb-container gb-container-ed871f55\">\n<div  class=\"jet-form-builder-row field-type-text-field\" >\n<div class=\"jet-form-builder__field-wrap\">\n\t\t\t\t<input placeholder=\"landline*\" required=\"required\" name=\"festnetz\" id=\"festnetz\" type=\"text\" data-field-name=\"festnetz\" class=\"jet-form-builder__field text-field\" data-jfb-sync=\"null\" autocomplete=\"off_SwX237c9\">\n\t\t\t\t\t<\/div>\n<\/div>\n<\/div>\n\n<div class=\"gb-container gb-container-e268da77\">\n<div  class=\"jet-form-builder-row field-type-text-field\" >\n<div class=\"jet-form-builder__field-wrap\">\n\t\t\t\t<input placeholder=\"mobile*\" required=\"required\" name=\"mobil\" id=\"mobil\" type=\"text\" data-field-name=\"mobil\" class=\"jet-form-builder__field text-field\" data-jfb-sync=\"null\" autocomplete=\"off_sz8Z21nY\">\n\t\t\t\t\t<\/div>\n<\/div>\n<\/div>\n<\/div>\n\n<div  class=\"jet-form-builder-row field-type-time-field\" >\n<div class=\"jet-form-builder__label\">\r\n<div class=\"jet-form-builder__label-text\">preferred callback time: <span class=\"jet-form-builder__required\">*<\/span><\/div><\/div><input class=\"jet-form-builder__field time-field\" required=\"required\" name=\"rueckrufzeit\" id=\"rueckrufzeit\" type=\"time\" data-field-name=\"rueckrufzeit\" data-jfb-sync=\"null\">\n<\/div>\n\n\n<h3 class=\"gb-headline gb-headline-17be00b1 gb-headline-text\">e-mail<\/h3>\n\n\n<div  class=\"jet-form-builder-row field-type-text-field\" >\n<div class=\"jet-form-builder__field-wrap\">\n\t\t\t\t<input placeholder=\"email*\" required=\"required\" name=\"email\" id=\"email\" type=\"text\" data-field-name=\"email\" class=\"jet-form-builder__field text-field\" data-jfb-sync=\"null\" autocomplete=\"off_jl18Izx5\">\n\t\t\t\t\t<\/div>\n<\/div>\n\n\n<h3 class=\"gb-headline gb-headline-efc608f8 gb-headline-text\">Further information<\/h3>\n\n\n<div  class=\"jet-form-builder-row field-type-datetime-field\" >\n<div class=\"jet-form-builder__label\">\r\n<div class=\"jet-form-builder__label-text\">preferred appointment for trial sitting? <span class=\"jet-form-builder__required\">*<\/span><\/div><\/div><input class=\"jet-form-builder__field datetime-field\" required=\"required\" name=\"wunschtermin_probesitzen\" type=\"datetime-local\" data-field-name=\"wunschtermin_probesitzen\" id=\"wunschtermin_probesitzen\" data-jfb-sync=\"null\">\n<\/div>\n\n<div  class=\"jet-form-builder-row field-type-text-field\" >\n<div class=\"jet-form-builder__field-wrap\">\n\t\t\t\t<input placeholder=\"wishes \/ special requests?*\" required=\"required\" name=\"wuensche_besonderheiten\" id=\"wuensche_besonderheiten\" type=\"text\" data-field-name=\"wuensche_besonderheiten\" class=\"jet-form-builder__field text-field\" data-jfb-sync=\"null\" autocomplete=\"off_uJ4zhAw2\">\n\t\t\t\t\t<\/div>\n<\/div>\n\n<div  class=\"jet-form-builder-row field-type-checkbox-field\" >\n<div class=\"jet-form-builder__fields-group checkradio-wrap\" data-jfb-sync><div class=\"jet-form-builder__field-wrap checkboxes-wrap checkradio-wrap\"><label class=\"jet-form-builder__field-label for-checkbox\">\n\t\t\t<input type=\"checkbox\" name=\"datenschutz\" value=\"Yes\" data-field-name=\"datenschutz\"  class=\"jet-form-builder__field checkboxes-field checkradio-field\" required=\"required\"><span>privacy policy can be found\u00a0<a href=\"https:\/\/interco.gmbh\/en\/privacy-policy\/\" target=\"_blank\">here<\/a>.<\/span><\/label><\/div><\/div>\n<\/div>\n\n<div class=\"gb-container gb-container-eb9a3a10\">\n<div  class=\"jet-form-builder-row field-type-submit-field\" >\n\t<div data-type=\"submit\" class=\"jet-form-builder__action-button-wrapper jet-form-builder__submit-wrap\">\n\t<button class=\"jet-form-builder__action-button jet-form-builder__submit submit-type-reload\" type=\"submit\">Submit<\/button>\n\t<\/div>\n\t\n<\/div>\n\n\n\n\n<\/div>\t<div class=\"jet-form-builder-messages-wrap\" data-form-id=\"10798\"><\/div>\n<\/form>\n<\/div>\n<\/div>\n<\/div>","protected":false},"excerpt":{"rendered":"<p>The best possible care is one of the most important foundations for a good quality of life. We would therefore like as many people as possible with appropriate indications to have access to AKTIVLINE\u00ae systems and offer the opportunity to try them out. Here patients can test whether an AKTIVLINE\u00ae restoration offers them the desired &#8230; <a title=\"Test sitting\" class=\"read-more\" href=\"https:\/\/interco.gmbh\/en\/test-sitting\/\" aria-label=\"Read more about Test sitting\">Read more<\/a><\/p>\n","protected":false},"author":5,"featured_media":0,"parent":0,"menu_order":0,"comment_status":"closed","ping_status":"closed","template":"","meta":{"_seopress_robots_primary_cat":"","_seopress_titles_title":"","_seopress_titles_desc":"","_seopress_robots_index":"","inline_featured_image":false,"footnotes":""},"class_list":["post-8502","page","type-page","status-publish"],"_links":{"self":[{"href":"https:\/\/interco.gmbh\/en\/wp-json\/wp\/v2\/pages\/8502","targetHints":{"allow":["GET"]}}],"collection":[{"href":"https:\/\/interco.gmbh\/en\/wp-json\/wp\/v2\/pages"}],"about":[{"href":"https:\/\/interco.gmbh\/en\/wp-json\/wp\/v2\/types\/page"}],"author":[{"embeddable":true,"href":"https:\/\/interco.gmbh\/en\/wp-json\/wp\/v2\/users\/5"}],"replies":[{"embeddable":true,"href":"https:\/\/interco.gmbh\/en\/wp-json\/wp\/v2\/comments?post=8502"}],"version-history":[{"count":11,"href":"https:\/\/interco.gmbh\/en\/wp-json\/wp\/v2\/pages\/8502\/revisions"}],"predecessor-version":[{"id":10875,"href":"https:\/\/interco.gmbh\/en\/wp-json\/wp\/v2\/pages\/8502\/revisions\/10875"}],"wp:attachment":[{"href":"https:\/\/interco.gmbh\/en\/wp-json\/wp\/v2\/media?parent=8502"}],"curies":[{"name":"wp","href":"https:\/\/api.w.org\/{rel}","templated":true}]}}